{"id":545,"date":"2022-06-27T10:44:20","date_gmt":"2022-06-27T10:44:20","guid":{"rendered":"https:\/\/automasha.al\/?page_id=545"},"modified":"2026-01-14T16:03:00","modified_gmt":"2026-01-14T16:03:00","slug":"kontakt","status":"publish","type":"page","link":"https:\/\/automasha.al\/en\/kontakt\/","title":{"rendered":"CONTACT"},"content":{"rendered":"<p>[et_pb_section fb_built=&#8221;1&#8243; _builder_version=&#8221;4.17.4&#8243; background_image=&#8221;https:\/\/automasha.al\/wp-content\/uploads\/2022\/06\/IMG-20220630-WA0005.jpg&#8221; custom_padding=&#8221;170px||100px||false|false&#8221; global_colors_info=&#8221;{}&#8221;][et_pb_row _builder_version=&#8221;4.17.4&#8243; background_color=&#8221;rgba(0,0,0,0.44)&#8221; animation_style=&#8221;slide&#8221; animation_direction=&#8221;bottom&#8221; animation_duration=&#8221;2000ms&#8221; animation_intensity_slide=&#8221;5%&#8221; global_colors_info=&#8221;{}&#8221;][et_pb_column type=&#8221;4_4&#8243; _builder_version=&#8221;4.16&#8243; global_colors_info=&#8221;{}&#8221;][et_pb_text disabled_on=&#8221;off|off|off&#8221; _builder_version=&#8221;4.17.4&#8243; text_font=&#8221;|600||on|||||&#8221; text_text_color=&#8221;#FFFFFF&#8221; text_font_size=&#8221;22px&#8221; text_orientation=&#8221;center&#8221; custom_margin=&#8221;||10px||false|false&#8221; custom_padding=&#8221;||||false|false&#8221; global_colors_info=&#8221;{}&#8221;]<\/p>\n<p>TRANSPORT &amp; LOGISTICS<\/p>\n<p>[\/et_pb_text][et_pb_text _builder_version=&#8221;4.17.4&#8243; text_text_color=&#8221;#FFFFFF&#8221; header_font=&#8221;|800||on|||||&#8221; header_text_align=&#8221;center&#8221; header_text_color=&#8221;#e2b900&#8243; header_font_size=&#8221;76px&#8221; header_font_size_tablet=&#8221;&#8221; header_font_size_phone=&#8221;56px&#8221; header_font_size_last_edited=&#8221;on|phone&#8221; header_text_shadow_style=&#8221;preset1&#8243; header_text_shadow_horizontal_length=&#8221;0.01em&#8221; header_text_shadow_vertical_length=&#8221;0.01em&#8221; header_text_shadow_blur_strength=&#8221;0.03em&#8221; global_colors_info=&#8221;{}&#8221;]<\/p>\n<h1>Kontakt<\/h1>\n<p>[\/et_pb_text][\/et_pb_column][\/et_pb_row][\/et_pb_section][et_pb_section fb_built=&#8221;1&#8243; _builder_version=&#8221;4.17.4&#8243; background_color=&#8221;#f5f5f5&#8243; custom_margin=&#8221;0px||0px||false|false&#8221; custom_padding=&#8221;0px||0px||true|false&#8221; global_colors_info=&#8221;{}&#8221;][et_pb_row column_structure=&#8221;1_2,1_2&#8243; _builder_version=&#8221;4.27.4&#8243; width=&#8221;95%&#8221; module_alignment=&#8221;center&#8221; global_colors_info=&#8221;{}&#8221;][et_pb_column type=&#8221;1_2&#8243; _builder_version=&#8221;4.27.4&#8243; border_radii=&#8221;on|8px|8px|8px|8px&#8221; global_colors_info=&#8221;{}&#8221;][et_pb_blurb title=&#8221;Plot\u00ebso form\u00ebn online&#8221; use_icon=&#8221;on&#8221; font_icon=&#8221;&#x68;||divi||400&#8243; icon_color=&#8221;#f0b627&#8243; icon_placement=&#8221;left&#8221; _builder_version=&#8221;4.27.4&#8243; header_font=&#8221;|700|||||||&#8221; header_text_color=&#8221;#FFFFFF&#8221; header_font_size=&#8221;36px&#8221; background_color=&#8221;#1c3250&#8243; custom_margin=&#8221;||0px||false|false&#8221; custom_margin_tablet=&#8221;0px||||false|false&#8221; custom_margin_phone=&#8221;&#8221; custom_margin_last_edited=&#8221;on|phone&#8221; custom_padding=&#8221;25px|35px|15px|35px|false|true&#8221; header_font_size_tablet=&#8221;&#8221; header_font_size_phone=&#8221;22px&#8221; header_font_size_last_edited=&#8221;on|phone&#8221; global_colors_info=&#8221;{}&#8221;][\/et_pb_blurb][et_pb_contact_form captcha=&#8221;off&#8221; email=&#8221;info@automasha.al&#8221; custom_message=&#8221;Kerkese e derguar nga webi: https:\/\/automasha.al&#8221; success_message=&#8221;K\u00ebrkesa juaj u d\u00ebrgua me sukses. Ju do t\u00eb kontaktoheni s\u00eb shpejti nga stafi. Faleminderit!&#8221; submit_button_text=&#8221;D\u00ebrgo&#8221; _builder_version=&#8221;4.17.4&#8243; form_field_background_color=&#8221;rgba(255,255,255,0.26)&#8221; form_field_text_color=&#8221;#1c3250&#8243; background_color=&#8221;#efb627&#8243; custom_button=&#8221;on&#8221; button_text_size=&#8221;16px&#8221; button_text_color=&#8221;#FFFFFF&#8221; button_bg_color=&#8221;#1c3250&#8243; button_border_width=&#8221;0px&#8221; button_border_radius=&#8221;0px&#8221; button_font=&#8221;|700||on|||||&#8221; button_use_icon=&#8221;off&#8221; button_custom_padding=&#8221;|25px|2px|25px|false|true&#8221; custom_padding=&#8221;25px|25px|25px|25px|true|true&#8221; locked=&#8221;off&#8221; global_colors_info=&#8221;{}&#8221;][et_pb_contact_field field_id=&#8221;Emri&#8221; field_title=&#8221;Emri&#8221; fullwidth_field=&#8221;on&#8221; _builder_version=&#8221;4.17.4&#8243; global_colors_info=&#8221;{}&#8221; button_text_size__hover_enabled=&#8221;off&#8221; button_one_text_size__hover_enabled=&#8221;off&#8221; button_two_text_size__hover_enabled=&#8221;off&#8221; button_text_color__hover_enabled=&#8221;off&#8221; button_one_text_color__hover_enabled=&#8221;off&#8221; button_two_text_color__hover_enabled=&#8221;off&#8221; button_border_width__hover_enabled=&#8221;off&#8221; button_one_border_width__hover_enabled=&#8221;off&#8221; button_two_border_width__hover_enabled=&#8221;off&#8221; button_border_color__hover_enabled=&#8221;off&#8221; button_one_border_color__hover_enabled=&#8221;off&#8221; button_two_border_color__hover_enabled=&#8221;off&#8221; button_border_radius__hover_enabled=&#8221;off&#8221; button_one_border_radius__hover_enabled=&#8221;off&#8221; button_two_border_radius__hover_enabled=&#8221;off&#8221; button_letter_spacing__hover_enabled=&#8221;off&#8221; button_one_letter_spacing__hover_enabled=&#8221;off&#8221; button_two_letter_spacing__hover_enabled=&#8221;off&#8221; button_bg_color__hover_enabled=&#8221;off&#8221; button_one_bg_color__hover_enabled=&#8221;off&#8221; button_two_bg_color__hover_enabled=&#8221;off&#8221;][\/et_pb_contact_field][et_pb_contact_field field_id=&#8221;Email&#8221; field_title=&#8221;Email&#8221; field_type=&#8221;email&#8221; fullwidth_field=&#8221;on&#8221; _builder_version=&#8221;4.17.4&#8243; global_colors_info=&#8221;{}&#8221; button_text_size__hover_enabled=&#8221;off&#8221; button_one_text_size__hover_enabled=&#8221;off&#8221; button_two_text_size__hover_enabled=&#8221;off&#8221; button_text_color__hover_enabled=&#8221;off&#8221; button_one_text_color__hover_enabled=&#8221;off&#8221; button_two_text_color__hover_enabled=&#8221;off&#8221; button_border_width__hover_enabled=&#8221;off&#8221; button_one_border_width__hover_enabled=&#8221;off&#8221; button_two_border_width__hover_enabled=&#8221;off&#8221; button_border_color__hover_enabled=&#8221;off&#8221; button_one_border_color__hover_enabled=&#8221;off&#8221; button_two_border_color__hover_enabled=&#8221;off&#8221; button_border_radius__hover_enabled=&#8221;off&#8221; button_one_border_radius__hover_enabled=&#8221;off&#8221; button_two_border_radius__hover_enabled=&#8221;off&#8221; button_letter_spacing__hover_enabled=&#8221;off&#8221; button_one_letter_spacing__hover_enabled=&#8221;off&#8221; button_two_letter_spacing__hover_enabled=&#8221;off&#8221; button_bg_color__hover_enabled=&#8221;off&#8221; button_one_bg_color__hover_enabled=&#8221;off&#8221; button_two_bg_color__hover_enabled=&#8221;off&#8221;][\/et_pb_contact_field][et_pb_contact_field field_id=&#8221;phone&#8221; field_title=&#8221;Nr. Kontakti&#8221; fullwidth_field=&#8221;on&#8221; _builder_version=&#8221;4.17.4&#8243; global_colors_info=&#8221;{}&#8221;][\/et_pb_contact_field][et_pb_contact_field field_id=&#8221;Message&#8221; field_title=&#8221;Pershkruaj K\u00ebrkes\u00ebn&#8230;&#8221; field_type=&#8221;text&#8221; fullwidth_field=&#8221;on&#8221; _builder_version=&#8221;4.17.4&#8243; global_colors_info=&#8221;{}&#8221; button_text_size__hover_enabled=&#8221;off&#8221; button_one_text_size__hover_enabled=&#8221;off&#8221; button_two_text_size__hover_enabled=&#8221;off&#8221; button_text_color__hover_enabled=&#8221;off&#8221; button_one_text_color__hover_enabled=&#8221;off&#8221; button_two_text_color__hover_enabled=&#8221;off&#8221; button_border_width__hover_enabled=&#8221;off&#8221; button_one_border_width__hover_enabled=&#8221;off&#8221; button_two_border_width__hover_enabled=&#8221;off&#8221; button_border_color__hover_enabled=&#8221;off&#8221; button_one_border_color__hover_enabled=&#8221;off&#8221; button_two_border_color__hover_enabled=&#8221;off&#8221; button_border_radius__hover_enabled=&#8221;off&#8221; button_one_border_radius__hover_enabled=&#8221;off&#8221; button_two_border_radius__hover_enabled=&#8221;off&#8221; button_letter_spacing__hover_enabled=&#8221;off&#8221; button_one_letter_spacing__hover_enabled=&#8221;off&#8221; button_two_letter_spacing__hover_enabled=&#8221;off&#8221; button_bg_color__hover_enabled=&#8221;off&#8221; button_one_bg_color__hover_enabled=&#8221;off&#8221; button_two_bg_color__hover_enabled=&#8221;off&#8221;][\/et_pb_contact_field][\/et_pb_contact_form][\/et_pb_column][et_pb_column type=&#8221;1_2&#8243; _builder_version=&#8221;4.27.4&#8243; background_color=&#8221;#FFFFFF&#8221; custom_padding=&#8221;35px|35px|35px|35px|false|true&#8221; custom_padding_tablet=&#8221;&#8221; custom_padding_phone=&#8221;25px|25px|25px|25px|true|true&#8221; custom_padding_last_edited=&#8221;on|phone&#8221; border_radii=&#8221;on|8px|8px|8px|8px&#8221; box_shadow_style=&#8221;preset1&#8243; global_colors_info=&#8221;{}&#8221;][et_pb_blurb title=&#8221;Adresa&#8221; use_icon=&#8221;on&#8221; font_icon=&#8221;&#xe081;||divi||400&#8243; icon_placement=&#8221;left&#8221; _builder_version=&#8221;4.27.5&#8243; header_font=&#8221;|700|||||||&#8221; header_font_size=&#8221;24px&#8221; header_line_height=&#8221;1.3em&#8221; body_font_size=&#8221;16px&#8221; custom_padding=&#8221;||15px||false|false&#8221; hover_enabled=&#8221;0&#8243; global_colors_info=&#8221;{}&#8221; sticky_enabled=&#8221;0&#8243; content_max_width_last_edited=&#8221;on|tablet&#8221; content_max_width_tablet=&#8221;100%&#8221; content_max_width_phone=&#8221;100%&#8221;]<\/p>\n<p><span>Highway Tr-Dr, Km. 13, Maminas<\/span><br \/><span>Durr\u00ebs<\/span><\/p>\n<p>[\/et_pb_blurb][et_pb_blurb title=&#8221;Email&#8221; use_icon=&#8221;on&#8221; font_icon=&#8221;&#xe076;||divi||400&#8243; icon_placement=&#8221;left&#8221; image_icon_width=&#8221;31px&#8221; _builder_version=&#8221;4.27.5&#8243; header_font=&#8221;|700|||||||&#8221; header_font_size=&#8221;24px&#8221; header_line_height=&#8221;1.3em&#8221; body_font=&#8221;|600|||||||&#8221; body_font_size=&#8221;16px&#8221; custom_padding=&#8221;||15px||false|false&#8221; hover_enabled=&#8221;0&#8243; icon_font_size=&#8221;31px&#8221; global_colors_info=&#8221;{}&#8221; sticky_enabled=&#8221;0&#8243; content_max_width=&#8221;100%&#8221;]<\/p>\n<p><span><a href=\"mailto:info@automasha.al\">info@automasha.al<\/a><a href=\"mailto:info@automasha.al\" target=\"_blank\" rel=\"noopener\"><\/a><\/span><\/p>\n<p><span><a href=\"mailto:automasha@gmail.com\">automasha@gmail.com<\/a><a href=\"mailto:automasha@gmail.com\" target=\"_blank\" rel=\"noopener\"><\/a><\/span><\/p>\n<p><a href=\"mailto:arben.masha@masha-al-shpk.com\" target=\"_blank\" rel=\"noopener\">arben.masha@masha-al-shpk.com<\/a><\/p>\n<p>[\/et_pb_blurb][et_pb_blurb title=&#8221;Tel&#8221; use_icon=&#8221;on&#8221; font_icon=&#8221;&#xe090;||divi||400&#8243; icon_placement=&#8221;left&#8221; content_tablet=&#8221;<\/p>\n<p><span><span style=\"%22color:\" #ff0000;%22>AL<\/span> <a href=\"\/en\/%22tel:+355682037669%22\/\" data-et-target-link=\"%22_blank%22\" rel=\"%22noopener%22\">+355682037669<\/a><br \/><span style=\"%22color:\" #0000ff;%22>IT<\/span> <a href=\"\/en\/%22tel:+3993245556166%22\/\" data-et-target-link=\"%22_blank%22\" rel=\"%22noopener%22\">+3993245556166<\/a><br \/><span style=\"%22color:\" #0000ff;%22>IT<\/span> <a href=\"\/en\/%22tel:+3993887252202%22\/\" data-et-target-link=\"%22_blank%22\" rel=\"%22noopener%22\">+3993887252202<\/a><\/span><\/p>\n<p>&#8221; content_phone=&#8221;<\/p>\n<p><span>\ud83c\udde6\ud83c\uddf1 <a href=\"\/en\/%22tel:+355682037669%22\/\" data-et-target-link=\"%22_blank%22\" rel=\"%22noopener%22\">+355682037669<\/a><br \/>\ud83c\udde6\ud83c\uddf1 <a href=\"\/en\/%22tel:+355682033362%22\/\" data-et-target-link=\"%22_blank%22\" rel=\"%22noopener%22\">+355 68 203 3362<\/a><br \/>\ud83c\uddee\ud83c\uddf9 <a href=\"\/en\/%22tel:+3993887252202%22\/\" data-et-target-link=\"%22_blank%22\" rel=\"%22noopener%22\">+39 938 8725 2202<\/a><\/span><\/p>\n<p>&#8221; content_last_edited=&#8221;on|phone&#8221; _builder_version=&#8221;4.27.5&#8243; header_font=&#8221;|700|||||||&#8221; header_font_size=&#8221;24px&#8221; header_line_height=&#8221;1.3em&#8221; body_font=&#8221;|700|||||||&#8221; body_text_color=&#8221;#efb627&#8243; body_font_size=&#8221;18px&#8221; body_line_height=&#8221;2.2em&#8221; hover_enabled=&#8221;0&#8243; body_font_size_tablet=&#8221;&#8221; body_font_size_phone=&#8221;18px&#8221; body_font_size_last_edited=&#8221;on|phone&#8221; global_colors_info=&#8221;{}&#8221; content_max_width=&#8221;100%&#8221; sticky_enabled=&#8221;0&#8243;]<\/p>\n<p><span><span style=\"color: #ff0000;\">AL<\/span> <a href=\"tel:+355682037669\" target=\"_blank\" rel=\"noopener\">+355 68 2037669<\/a><br \/><span style=\"color: #ff0000;\">AL<\/span><a href=\"tel:+355682033362\" target=\"_blank\" rel=\"noopener\">\u00a0+355 68 203 3362<\/a><br \/><span style=\"color: #0000ff;\">IT<\/span> <a href=\"tel:+3993887252202\" target=\"_blank\" rel=\"noopener\">+39 938 8725 2202<\/a><\/span><\/p>\n<p>[\/et_pb_blurb][\/et_pb_column][\/et_pb_row][et_pb_row _builder_version=&#8221;4.27.4&#8243; _module_preset=&#8221;default&#8221; width=&#8221;95%&#8221; module_alignment=&#8221;center&#8221; custom_padding=&#8221;0px||0px||true|false&#8221; border_radii=&#8221;on|8px|8px|8px|8px&#8221; global_colors_info=&#8221;{}&#8221;][et_pb_column type=&#8221;4_4&#8243; _builder_version=&#8221;4.17.4&#8243; _module_preset=&#8221;default&#8221; global_colors_info=&#8221;{}&#8221;][et_pb_text _builder_version=&#8221;4.17.4&#8243; _module_preset=&#8221;default&#8221; text_text_color=&#8221;#E09900&#8243; header_font=&#8221;|700|||||||&#8221; header_text_align=&#8221;center&#8221; header_text_color=&#8221;#E09900&#8243; background_color=&#8221;#cecece&#8221; module_alignment=&#8221;center&#8221; custom_padding=&#8221;8px||||false|false&#8221; global_colors_info=&#8221;{}&#8221;]<\/p>\n<h1>OUR OFFICES<\/h1>\n<p>[\/et_pb_text][\/et_pb_column][\/et_pb_row][et_pb_row _builder_version=&#8221;4.17.4&#8243; _module_preset=&#8221;default&#8221; width=&#8221;95%&#8221; module_alignment=&#8221;center&#8221; global_colors_info=&#8221;{}&#8221;][et_pb_column type=&#8221;4_4&#8243; _builder_version=&#8221;4.17.4&#8243; _module_preset=&#8221;default&#8221; global_colors_info=&#8221;{}&#8221;][et_pb_code _builder_version=&#8221;4.27.4&#8243; _module_preset=&#8221;default&#8221; global_colors_info=&#8221;{}&#8221;]<iframe src=\"https:\/\/www.google.com\/maps\/embed?pb=!1m18!1m12!1m3!1d2994.1646986291576!2d19.602330499999997!3d41.370506299999995!2m3!1f0!2f0!3f0!3m2!1i1024!2i768!4f13.1!3m3!1m2!1s0x135029a9af0f56bb%3A0x4150cccede541553!2sAuto%20Masha%20%E2%80%A2%20Transport%20Nderkombetar!5e0!3m2!1sen!2s!4v1734028669020!5m2!1sen!2s\" width=\"100%\" height=\"400\" style=\"border:0;\" allowfullscreen=\"\" loading=\"lazy\" referrerpolicy=\"no-referrer-when-downgrade\"><\/iframe>[\/et_pb_code][\/et_pb_column][\/et_pb_row][\/et_pb_section]<\/p>","protected":false},"excerpt":{"rendered":"<p>TRANSPORT &amp; LOGJISTIK\u00cbKontaktAutostrada Tr-Dr, Km.13, MaminasDurr\u00ebsinfo@automasha.al automasha@gmail.com arben.masha@masha-al-shpk.comAL +355 68 2037669AL\u00a0+355 68 203 3362IT +39 938 8725 2202ZYRAT TONA<\/p>","protected":false},"author":1,"featured_media":817,"parent":0,"menu_order":0,"comment_status":"closed","ping_status":"closed","template":"","meta":{"_et_pb_use_builder":"on","_et_pb_old_content":"","_et_gb_content_width":"","_joinchat":[],"footnotes":""},"class_list":["post-545","page","type-page","status-publish","has-post-thumbnail","hentry"],"yoast_head":"<!-- This site is optimized with the Yoast SEO plugin v27.5 - https:\/\/yoast.com\/product\/yoast-seo-wordpress\/ -->\n<title>Kontaktet &#8226; Auto Masha<\/title>\n<meta name=\"description\" content=\"Auto Transport Nderkombetar. Transport Nderkombetar Makinash dhe Materialesh. Sherbime Logjistike. Kudo ne Europe &amp; Shqiperi!\" \/>\n<meta name=\"robots\" content=\"index, follow, max-snippet:-1, max-image-preview:large, max-video-preview:-1\" \/>\n<link rel=\"canonical\" href=\"https:\/\/automasha.al\/en\/kontakt\/\" \/>\n<meta property=\"og:locale\" content=\"en_GB\" \/>\n<meta property=\"og:type\" content=\"article\" \/>\n<meta property=\"og:title\" content=\"Kontaktet &#8226; Auto Masha\" \/>\n<meta property=\"og:description\" content=\"Auto Transport Nderkombetar. Transport Nderkombetar Makinash dhe Materialesh. Sherbime Logjistike. Kudo ne Europe &amp; Shqiperi!\" \/>\n<meta property=\"og:url\" content=\"https:\/\/automasha.al\/en\/kontakt\/\" \/>\n<meta property=\"og:site_name\" content=\"Auto Masha\" \/>\n<meta property=\"article:publisher\" content=\"https:\/\/www.facebook.com\/automasha-192157974174168\" \/>\n<meta property=\"article:modified_time\" content=\"2026-01-14T16:03:00+00:00\" \/>\n<meta property=\"og:image\" content=\"https:\/\/automasha.al\/wp-content\/uploads\/2022\/06\/featured-1.jpg\" \/>\n\t<meta property=\"og:image:width\" content=\"740\" \/>\n\t<meta property=\"og:image:height\" content=\"385\" \/>\n\t<meta property=\"og:image:type\" content=\"image\/jpeg\" \/>\n<meta name=\"twitter:card\" content=\"summary_large_image\" \/>\n<meta name=\"twitter:label1\" content=\"Estimated reading time\" \/>\n\t<meta name=\"twitter:data1\" content=\"2 minutes\" \/>\n<script type=\"application\/ld+json\" class=\"yoast-schema-graph\">{\"@context\":\"https:\\\/\\\/schema.org\",\"@graph\":[{\"@type\":\"WebPage\",\"@id\":\"https:\\\/\\\/automasha.al\\\/al\\\/kontakt\\\/\",\"url\":\"https:\\\/\\\/automasha.al\\\/al\\\/kontakt\\\/\",\"name\":\"Kontaktet &#8226; Auto Masha\",\"isPartOf\":{\"@id\":\"https:\\\/\\\/automasha.al\\\/al\\\/#website\"},\"primaryImageOfPage\":{\"@id\":\"https:\\\/\\\/automasha.al\\\/al\\\/kontakt\\\/#primaryimage\"},\"image\":{\"@id\":\"https:\\\/\\\/automasha.al\\\/al\\\/kontakt\\\/#primaryimage\"},\"thumbnailUrl\":\"https:\\\/\\\/automasha.al\\\/wp-content\\\/uploads\\\/2022\\\/06\\\/featured-1.jpg\",\"datePublished\":\"2022-06-27T10:44:20+00:00\",\"dateModified\":\"2026-01-14T16:03:00+00:00\",\"description\":\"Auto Transport Nderkombetar. Transport Nderkombetar Makinash dhe Materialesh. Sherbime Logjistike. Kudo ne Europe & Shqiperi!\",\"breadcrumb\":{\"@id\":\"https:\\\/\\\/automasha.al\\\/al\\\/kontakt\\\/#breadcrumb\"},\"inLanguage\":\"en-GB\",\"potentialAction\":[{\"@type\":\"ReadAction\",\"target\":[\"https:\\\/\\\/automasha.al\\\/al\\\/kontakt\\\/\"]}]},{\"@type\":\"ImageObject\",\"inLanguage\":\"en-GB\",\"@id\":\"https:\\\/\\\/automasha.al\\\/al\\\/kontakt\\\/#primaryimage\",\"url\":\"https:\\\/\\\/automasha.al\\\/wp-content\\\/uploads\\\/2022\\\/06\\\/featured-1.jpg\",\"contentUrl\":\"https:\\\/\\\/automasha.al\\\/wp-content\\\/uploads\\\/2022\\\/06\\\/featured-1.jpg\",\"width\":740,\"height\":385},{\"@type\":\"BreadcrumbList\",\"@id\":\"https:\\\/\\\/automasha.al\\\/al\\\/kontakt\\\/#breadcrumb\",\"itemListElement\":[{\"@type\":\"ListItem\",\"position\":1,\"name\":\"Home\",\"item\":\"https:\\\/\\\/automasha.al\\\/al\\\/\"},{\"@type\":\"ListItem\",\"position\":2,\"name\":\"KONTAKT\"}]},{\"@type\":\"WebSite\",\"@id\":\"https:\\\/\\\/automasha.al\\\/al\\\/#website\",\"url\":\"https:\\\/\\\/automasha.al\\\/al\\\/\",\"name\":\"Auto Masha\",\"description\":\"Auto Transport Nderkombetar Makinash &amp; Sherbime Logjistike\",\"publisher\":{\"@id\":\"https:\\\/\\\/automasha.al\\\/al\\\/#organization\"},\"potentialAction\":[{\"@type\":\"SearchAction\",\"target\":{\"@type\":\"EntryPoint\",\"urlTemplate\":\"https:\\\/\\\/automasha.al\\\/al\\\/?s={search_term_string}\"},\"query-input\":{\"@type\":\"PropertyValueSpecification\",\"valueRequired\":true,\"valueName\":\"search_term_string\"}}],\"inLanguage\":\"en-GB\"},{\"@type\":\"Organization\",\"@id\":\"https:\\\/\\\/automasha.al\\\/al\\\/#organization\",\"name\":\"Auto Masha\",\"url\":\"https:\\\/\\\/automasha.al\\\/al\\\/\",\"logo\":{\"@type\":\"ImageObject\",\"inLanguage\":\"en-GB\",\"@id\":\"https:\\\/\\\/automasha.al\\\/al\\\/#\\\/schema\\\/logo\\\/image\\\/\",\"url\":\"https:\\\/\\\/automasha.al\\\/wp-content\\\/uploads\\\/2022\\\/06\\\/FEATURED.jpg\",\"contentUrl\":\"https:\\\/\\\/automasha.al\\\/wp-content\\\/uploads\\\/2022\\\/06\\\/FEATURED.jpg\",\"width\":740,\"height\":385,\"caption\":\"Auto Masha\"},\"image\":{\"@id\":\"https:\\\/\\\/automasha.al\\\/al\\\/#\\\/schema\\\/logo\\\/image\\\/\"},\"sameAs\":[\"https:\\\/\\\/www.facebook.com\\\/automasha-192157974174168\",\"https:\\\/\\\/instagram.com\\\/auto_masha\"]}]}<\/script>\n<!-- \/ Yoast SEO plugin. -->","yoast_head_json":{"title":"Kontaktet &#8226; Auto Masha","description":"Auto Transport Nderkombetar. Transport Nderkombetar Makinash dhe Materialesh. Sherbime Logjistike. Kudo ne Europe & Shqiperi!","robots":{"index":"index","follow":"follow","max-snippet":"max-snippet:-1","max-image-preview":"max-image-preview:large","max-video-preview":"max-video-preview:-1"},"canonical":"https:\/\/automasha.al\/en\/kontakt\/","og_locale":"en_GB","og_type":"article","og_title":"Kontaktet &#8226; Auto Masha","og_description":"Auto Transport Nderkombetar. Transport Nderkombetar Makinash dhe Materialesh. Sherbime Logjistike. Kudo ne Europe & Shqiperi!","og_url":"https:\/\/automasha.al\/en\/kontakt\/","og_site_name":"Auto Masha","article_publisher":"https:\/\/www.facebook.com\/automasha-192157974174168","article_modified_time":"2026-01-14T16:03:00+00:00","og_image":[{"width":740,"height":385,"url":"https:\/\/automasha.al\/wp-content\/uploads\/2022\/06\/featured-1.jpg","type":"image\/jpeg"}],"twitter_card":"summary_large_image","twitter_misc":{"Estimated reading time":"2 minutes"},"schema":{"@context":"https:\/\/schema.org","@graph":[{"@type":"WebPage","@id":"https:\/\/automasha.al\/al\/kontakt\/","url":"https:\/\/automasha.al\/al\/kontakt\/","name":"Kontaktet &#8226; Auto Masha","isPartOf":{"@id":"https:\/\/automasha.al\/al\/#website"},"primaryImageOfPage":{"@id":"https:\/\/automasha.al\/al\/kontakt\/#primaryimage"},"image":{"@id":"https:\/\/automasha.al\/al\/kontakt\/#primaryimage"},"thumbnailUrl":"https:\/\/automasha.al\/wp-content\/uploads\/2022\/06\/featured-1.jpg","datePublished":"2022-06-27T10:44:20+00:00","dateModified":"2026-01-14T16:03:00+00:00","description":"Auto Transport Nderkombetar. Transport Nderkombetar Makinash dhe Materialesh. Sherbime Logjistike. Kudo ne Europe & Shqiperi!","breadcrumb":{"@id":"https:\/\/automasha.al\/al\/kontakt\/#breadcrumb"},"inLanguage":"en-GB","potentialAction":[{"@type":"ReadAction","target":["https:\/\/automasha.al\/al\/kontakt\/"]}]},{"@type":"ImageObject","inLanguage":"en-GB","@id":"https:\/\/automasha.al\/al\/kontakt\/#primaryimage","url":"https:\/\/automasha.al\/wp-content\/uploads\/2022\/06\/featured-1.jpg","contentUrl":"https:\/\/automasha.al\/wp-content\/uploads\/2022\/06\/featured-1.jpg","width":740,"height":385},{"@type":"BreadcrumbList","@id":"https:\/\/automasha.al\/al\/kontakt\/#breadcrumb","itemListElement":[{"@type":"ListItem","position":1,"name":"Home","item":"https:\/\/automasha.al\/al\/"},{"@type":"ListItem","position":2,"name":"KONTAKT"}]},{"@type":"WebSite","@id":"https:\/\/automasha.al\/al\/#website","url":"https:\/\/automasha.al\/al\/","name":"Auto Masha","description":"Auto Transport Nderkombetar Makinash &amp; Sherbime Logjistike","publisher":{"@id":"https:\/\/automasha.al\/al\/#organization"},"potentialAction":[{"@type":"SearchAction","target":{"@type":"EntryPoint","urlTemplate":"https:\/\/automasha.al\/al\/?s={search_term_string}"},"query-input":{"@type":"PropertyValueSpecification","valueRequired":true,"valueName":"search_term_string"}}],"inLanguage":"en-GB"},{"@type":"Organization","@id":"https:\/\/automasha.al\/al\/#organization","name":"Auto Masha","url":"https:\/\/automasha.al\/al\/","logo":{"@type":"ImageObject","inLanguage":"en-GB","@id":"https:\/\/automasha.al\/al\/#\/schema\/logo\/image\/","url":"https:\/\/automasha.al\/wp-content\/uploads\/2022\/06\/FEATURED.jpg","contentUrl":"https:\/\/automasha.al\/wp-content\/uploads\/2022\/06\/FEATURED.jpg","width":740,"height":385,"caption":"Auto Masha"},"image":{"@id":"https:\/\/automasha.al\/al\/#\/schema\/logo\/image\/"},"sameAs":["https:\/\/www.facebook.com\/automasha-192157974174168","https:\/\/instagram.com\/auto_masha"]}]}},"_links":{"self":[{"href":"https:\/\/automasha.al\/en\/wp-json\/wp\/v2\/pages\/545","targetHints":{"allow":["GET"]}}],"collection":[{"href":"https:\/\/automasha.al\/en\/wp-json\/wp\/v2\/pages"}],"about":[{"href":"https:\/\/automasha.al\/en\/wp-json\/wp\/v2\/types\/page"}],"author":[{"embeddable":true,"href":"https:\/\/automasha.al\/en\/wp-json\/wp\/v2\/users\/1"}],"replies":[{"embeddable":true,"href":"https:\/\/automasha.al\/en\/wp-json\/wp\/v2\/comments?post=545"}],"version-history":[{"count":23,"href":"https:\/\/automasha.al\/en\/wp-json\/wp\/v2\/pages\/545\/revisions"}],"predecessor-version":[{"id":1281,"href":"https:\/\/automasha.al\/en\/wp-json\/wp\/v2\/pages\/545\/revisions\/1281"}],"wp:featuredmedia":[{"embeddable":true,"href":"https:\/\/automasha.al\/en\/wp-json\/wp\/v2\/media\/817"}],"wp:attachment":[{"href":"https:\/\/automasha.al\/en\/wp-json\/wp\/v2\/media?parent=545"}],"curies":[{"name":"wp","href":"https:\/\/api.w.org\/{rel}","templated":true}]}}